{"id":59,"date":"2022-08-19T08:30:16","date_gmt":"2022-08-19T08:30:16","guid":{"rendered":"http:\/\/bnttpiano.com\/?page_id=59"},"modified":"2023-12-11T02:56:22","modified_gmt":"2023-12-11T02:56:22","slug":"trang-chu","status":"publish","type":"page","link":"http:\/\/bnttpiano.com\/","title":{"rendered":"WELCOME"},"content":{"rendered":"\n<br>\n\n\n\n<p>Ch\u00e0o m\u1eebng c\u00e1c b\u1ea1n \u0111\u1ebfn v\u1edbi BNTT-Piano!<\/p>\n\n\n\n<p>N\u01a1i \u0111\u00e2y d\u00e0nh cho nh\u1eefng ai y\u00eau th\u00edch ti\u1ebfng \u0111\u00e0n piano. C\u00e1c b\u1ea1n c\u00f3 th\u1ec3 t\u00ecm th\u1ea5y \u1edf \u0111\u00e2y nh\u1eefng b\u1ea3n nh\u1ea1c m\u00ecnh y\u00eau th\u00edch, c\u0169ng nh\u01b0 nh\u1eefng cu\u1ed1n s\u00e1ch h\u1ecdc piano.<\/p>\n\n\n\n<p>T\u1ea5t c\u1ea3 nh\u1eefng g\u00ec c\u00f3 \u1edf \u0111\u00e2y \u0111\u1ec1u l\u00e0 mi\u1ec5n ph\u00ed!<\/p>\n\n\n\n<p><a rel=\"noreferrer noopener\" href=\"https:\/\/www.buymeacoffee.com\/bntpiano\" target=\"_blank\">B\u1ea1n c\u00f3 th\u1ec3 \u1ee7ng h\u1ed9 b\u1eb1ng c\u00e1ch mua gi\u00fap t\u00f4i v\u00e0i ly c\u00e0 ph\u00ea<\/a>.<\/p>\n\n\n\n<p>Ch\u00fac c\u00e1c b\u1ea1n m\u1ed9t ng\u00e0y t\u1ed1t l\u00e0nh!<\/p>\n\n\n<\/p>\n<p><head><\/p>\n<p><script async src=\"https:\/\/pagead2.googlesyndication.com\/pagead\/js\/adsbygoogle.js?client=ca-pub-2680696390587106\"\n     crossorigin=\"anonymous\"><\/script><\/p>\n<p><\/head><\/p>","protected":false},"excerpt":{"rendered":"<p>Ch\u00e0o m\u1eebng c\u00e1c b\u1ea1n \u0111\u1ebfn v\u1edbi BNTT-Piano! N\u01a1i \u0111\u00e2y d\u00e0nh cho nh\u1eefng ai y\u00eau th\u00edch ti\u1ebfng \u0111\u00e0n piano. C\u00e1c b\u1ea1n c\u00f3 th\u1ec3<\/p>\n<p class=\"link-more\"><a class=\"myButt \" href=\"http:\/\/bnttpiano.com\/\">Read More<\/a><\/p>\n","protected":false},"author":1,"featured_media":0,"parent":0,"menu_order":0,"comment_status":"closed","ping_status":"closed","template":"","meta":{"footnotes":""},"class_list":["post-59","page","type-page","status-publish","hentry"],"amp_enabled":false,"_links":{"self":[{"href":"http:\/\/bnttpiano.com\/index.php\/wp-json\/wp\/v2\/pages\/59","targetHints":{"allow":["GET"]}}],"collection":[{"href":"http:\/\/bnttpiano.com\/index.php\/wp-json\/wp\/v2\/pages"}],"about":[{"href":"http:\/\/bnttpiano.com\/index.php\/wp-json\/wp\/v2\/types\/page"}],"author":[{"embeddable":true,"href":"http:\/\/bnttpiano.com\/index.php\/wp-json\/wp\/v2\/users\/1"}],"replies":[{"embeddable":true,"href":"http:\/\/bnttpiano.com\/index.php\/wp-json\/wp\/v2\/comments?post=59"}],"version-history":[{"count":19,"href":"http:\/\/bnttpiano.com\/index.php\/wp-json\/wp\/v2\/pages\/59\/revisions"}],"predecessor-version":[{"id":6444,"href":"http:\/\/bnttpiano.com\/index.php\/wp-json\/wp\/v2\/pages\/59\/revisions\/6444"}],"wp:attachment":[{"href":"http:\/\/bnttpiano.com\/index.php\/wp-json\/wp\/v2\/media?parent=59"}],"curies":[{"name":"wp","href":"https:\/\/api.w.org\/{rel}","templated":true}]}}